{"id":10356,"date":"2025-07-08T15:08:17","date_gmt":"2025-07-08T12:08:17","guid":{"rendered":"https:\/\/hisarmak.net\/horizontal-strip-slicing-machine-4\/"},"modified":"2025-08-17T22:35:09","modified_gmt":"2025-08-17T19:35:09","slug":"horizontal-strip-slicing-machine-4","status":"publish","type":"product","link":"https:\/\/hisarmak.net\/en\/horizontal-strip-slicing-machine-4\/","title":{"rendered":"Horizontal Strip Slicing Machine (4)"},"content":{"rendered":"<div class=\"wpb-content-wrapper\"><p>[vc_row woodmart_css_id=&#8221;686be0df6717c&#8221; responsive_spacing=&#8221;eyJwYXJhbV90eXBlIjoid29vZG1hcnRfcmVzcG9uc2l2ZV9zcGFjaW5nIiwic2VsZWN0b3JfaWQiOiI2ODZiZTBkZjY3MTdjIiwic2hvcnRjb2RlIjoidmNfcm93IiwiZGF0YSI6eyJ0YWJsZXQiOnt9LCJtb2JpbGUiOnt9fX0=&#8221; mobile_bg_img_hidden=&#8221;no&#8221; tablet_bg_img_hidden=&#8221;no&#8221; woodmart_parallax=&#8221;0&#8243; woodmart_gradient_switch=&#8221;no&#8221; woodmart_box_shadow=&#8221;no&#8221; wd_z_index=&#8221;no&#8221; woodmart_disable_overflow=&#8221;0&#8243; row_reverse_mobile=&#8221;1&#8243; row_reverse_tablet=&#8221;0&#8243;][vc_column width=&#8221;1\/2&#8243; woodmart_css_id=&#8221;686be1dff1854&#8243; parallax_scroll=&#8221;no&#8221; woodmart_sticky_column=&#8221;false&#8221; wd_collapsible_content_switcher=&#8221;no&#8221; wd_column_role_offcanvas_desktop=&#8221;no&#8221; wd_column_role_offcanvas_tablet=&#8221;no&#8221; wd_column_role_offcanvas_mobile=&#8221;no&#8221; wd_column_role_content_desktop=&#8221;no&#8221; wd_column_role_content_tablet=&#8221;no&#8221; wd_column_role_content_mobile=&#8221;no&#8221; mobile_bg_img_hidden=&#8221;no&#8221; tablet_bg_img_hidden=&#8221;no&#8221; woodmart_parallax=&#8221;0&#8243; woodmart_box_shadow=&#8221;no&#8221; responsive_spacing=&#8221;eyJwYXJhbV90eXBlIjoid29vZG1hcnRfcmVzcG9uc2l2ZV9zcGFjaW5nIiwic2VsZWN0b3JfaWQiOiI2ODZiZTFkZmYxODU0Iiwic2hvcnRjb2RlIjoidmNfY29sdW1uIiwiZGF0YSI6eyJ0YWJsZXQiOnsicGFkZGluZy1yaWdodCI6IjR2aCJ9LCJtb2JpbGUiOnsicGFkZGluZy1yaWdodCI6IjJ2aCJ9fX0=&#8221; mobile_reset_margin=&#8221;no&#8221; tablet_reset_margin=&#8221;no&#8221; wd_z_index=&#8221;no&#8221; css=&#8221;.vc_custom_1751900646505{padding-right: 6vh !important;}&#8221;]\n\t\t<div id=\"wd-686ce8a9d343e\" class=\"title-wrapper wd-wpb wd-set-mb reset-last-child  wd-rs-686ce8a9d343e wd-title-color-default wd-title-style-default text-left  wd-underline-colored\">\n\t\t\t\n\t\t\t<div class=\"liner-continer\">\n\t\t\t\t<h2 class=\"woodmart-title-container title  wd-font-weight- wd-fontsize-xl\" >Features<\/h2>\n\t\t\t\t\t\t\t<\/div>\n\t\t\t\n\t\t\t\n\t\t\t\n\t\t<\/div>\n\t\t\n\t\t\n\t\t<ul class=\" wd-rs-686d0b476c440 wd-list wd-wpb color-scheme- wd-fontsize-xs wd-type-unordered-2 wd-style-default text-left \" id=\"wd-686d0b476c440\">\n\t\t\t\t\t\t\t\t\t\t\t<li>\n\t\t\t\t\t<span class=\"wd-icon list-icon\"><\/span>\n\t\t\t\t\t<span class=\"wd-list-content list-content\">Slicing up to 1-2-3-4 items at a time<\/span>\n\t\t\t\t\t\t\t\t\t<\/li>\n\t\t\t\t\t\t\t\t\t\t\t<li>\n\t\t\t\t\t<span class=\"wd-icon list-icon\"><\/span>\n\t\t\t\t\t<span class=\"wd-list-content list-content\">Stainless steel main conveyor belt with hydro-motor and infinite speed adjustment<\/span>\n\t\t\t\t\t\t\t\t\t<\/li>\n\t\t\t\t\t\t\t\t\t\t\t<li>\n\t\t\t\t\t<span class=\"wd-icon list-icon\"><\/span>\n\t\t\t\t\t<span class=\"wd-list-content list-content\">The main conveyor belt can operate in both forward and reverse directions.<\/span>\n\t\t\t\t\t\t\t\t\t<\/li>\n\t\t\t\t\t\t\t\t\t\t\t<li>\n\t\t\t\t\t<span class=\"wd-icon list-icon\"><\/span>\n\t\t\t\t\t<span class=\"wd-list-content list-content\">Hydraulic strip tensioning system<\/span>\n\t\t\t\t\t\t\t\t\t<\/li>\n\t\t\t\t\t\t\t\t\t\t\t<li>\n\t\t\t\t\t<span class=\"wd-icon list-icon\"><\/span>\n\t\t\t\t\t<span class=\"wd-list-content list-content\">Hydro-powered top pressure and traction rollers<\/span>\n\t\t\t\t\t\t\t\t\t<\/li>\n\t\t\t\t\t\t\t\t\t\t\t<li>\n\t\t\t\t\t<span class=\"wd-icon list-icon\"><\/span>\n\t\t\t\t\t<span class=\"wd-list-content list-content\">Thickness adjustment with reducer \/ motor<\/span>\n\t\t\t\t\t\t\t\t\t<\/li>\n\t\t\t\t\t\t\t\t\t\t\t<li>\n\t\t\t\t\t<span class=\"wd-icon list-icon\"><\/span>\n\t\t\t\t\t<span class=\"wd-list-content list-content\">Water cooling equipment<\/span>\n\t\t\t\t\t\t\t\t\t<\/li>\n\t\t\t\t\t\t\t\t\t\t\t<li>\n\t\t\t\t\t<span class=\"wd-icon list-icon\"><\/span>\n\t\t\t\t\t<span class=\"wd-list-content list-content\">Sensor and emergency stop mechanism for lane departure control<\/span>\n\t\t\t\t\t\t\t\t\t<\/li>\n\t\t\t\t\t\t\t\t\t\t\t<li>\n\t\t\t\t\t<span class=\"wd-icon list-icon\"><\/span>\n\t\t\t\t\t<span class=\"wd-list-content list-content\">Lata geri d\u00f6n\u00fc\u015f band\u0131 (opsiyonel)<\/span>\n\t\t\t\t\t\t\t\t\t<\/li>\n\t\t\t\t\t\t\t\t\t\t\t<li>\n\t\t\t\t\t<span class=\"wd-icon list-icon\"><\/span>\n\t\t\t\t\t<span class=\"wd-list-content list-content\">Sakal alma frezesi (opsiyonel)<\/span>\n\t\t\t\t\t\t\t\t\t<\/li>\n\t\t\t\t\t<\/ul>\n\t\t\n\t\t<div id=\"wd-686d09e12aa92\" class=\"title-wrapper wd-wpb wd-set-mb reset-last-child  wd-rs-686d09e12aa92 wd-title-color-default wd-title-style-default text-left  wd-underline-colored\">\n\t\t\t\n\t\t\t<div class=\"liner-continer\">\n\t\t\t\t<h3 class=\"woodmart-title-container title  wd-font-weight- wd-fontsize-xl\" >Technical Information<\/h3>\n\t\t\t\t\t\t\t<\/div>\n\t\t\t\n\t\t\t\n\t\t\t\n\t\t<\/div>\n\t\t\n\t\t\n\t\t<ul class=\" wd-rs-686d0abbb6eb2 wd-list wd-wpb color-scheme- wd-fontsize-xs wd-type-unordered wd-style-default text-left \" id=\"wd-686d0abbb6eb2\">\n\t\t\t\t\t\t\t\t\t\t\t<li>\n\t\t\t\t\t<span class=\"wd-icon list-icon\"><\/span>\n\t\t\t\t\t<span class=\"wd-list-content list-content\">Cutting Width: 250 mm<\/span>\n\t\t\t\t\t\t\t\t\t<\/li>\n\t\t\t\t\t\t\t\t\t\t\t<li>\n\t\t\t\t\t<span class=\"wd-icon list-icon\"><\/span>\n\t\t\t\t\t<span class=\"wd-list-content list-content\">Cutting Height: Min. 10 mm - Max. 350 mm<\/span>\n\t\t\t\t\t\t\t\t\t<\/li>\n\t\t\t\t\t\t\t\t\t\t\t<li>\n\t\t\t\t\t<span class=\"wd-icon list-icon\"><\/span>\n\t\t\t\t\t<span class=\"wd-list-content list-content\">Flywheel Diameter: 830 mm<\/span>\n\t\t\t\t\t\t\t\t\t<\/li>\n\t\t\t\t\t\t\t\t\t\t\t<li>\n\t\t\t\t\t<span class=\"wd-icon list-icon\"><\/span>\n\t\t\t\t\t<span class=\"wd-list-content list-content\">Flywheel Width: 40 mm<\/span>\n\t\t\t\t\t\t\t\t\t<\/li>\n\t\t\t\t\t\t\t\t\t\t\t<li>\n\t\t\t\t\t<span class=\"wd-icon list-icon\"><\/span>\n\t\t\t\t\t<span class=\"wd-list-content list-content\">Cutting Motor Power: 11 kW<\/span>\n\t\t\t\t\t\t\t\t\t<\/li>\n\t\t\t\t\t\t\t\t\t\t\t<li>\n\t\t\t\t\t<span class=\"wd-icon list-icon\"><\/span>\n\t\t\t\t\t<span class=\"wd-list-content list-content\">Band Width: 195 mm<\/span>\n\t\t\t\t\t\t\t\t\t<\/li>\n\t\t\t\t\t\t\t\t\t\t\t<li>\n\t\t\t\t\t<span class=\"wd-icon list-icon\"><\/span>\n\t\t\t\t\t<span class=\"wd-list-content list-content\">Saw Length: 5250 mm<\/span>\n\t\t\t\t\t\t\t\t\t<\/li>\n\t\t\t\t\t\t\t\t\t\t\t<li>\n\t\t\t\t\t<span class=\"wd-icon list-icon\"><\/span>\n\t\t\t\t\t<span class=\"wd-list-content list-content\">Cutting Speed \/ Min. 5 m - Max. 45 m<\/span>\n\t\t\t\t\t\t\t\t\t<\/li>\n\t\t\t\t\t\t\t\t\t\t\t<li>\n\t\t\t\t\t<span class=\"wd-icon list-icon\"><\/span>\n\t\t\t\t\t<span class=\"wd-list-content list-content\">Hydraulic Motor Power: 2.2 kW<\/span>\n\t\t\t\t\t\t\t\t\t<\/li>\n\t\t\t\t\t\t\t\t\t\t\t<li>\n\t\t\t\t\t<span class=\"wd-icon list-icon\"><\/span>\n\t\t\t\t\t<span class=\"wd-list-content list-content\">Total Power: 46.2 kW<\/span>\n\t\t\t\t\t\t\t\t\t<\/li>\n\t\t\t\t\t<\/ul>\n\t\t[\/vc_column][vc_column width=&#8221;1\/2&#8243;]\n\t\t<div id=\"wd-686be903ebe61\" class=\"title-wrapper wd-wpb wd-set-mb reset-last-child  wd-rs-686be903ebe61 wd-title-color-default wd-title-style-default text-left  wd-underline-colored\">\n\t\t\t\n\t\t\t<div class=\"liner-continer\">\n\t\t\t\t<h4 class=\"woodmart-title-container title  wd-font-weight- wd-fontsize-xl\" >Product Videos<\/h4>\n\t\t\t\t\t\t\t<\/div>\n\t\t\t\n\t\t\t\n\t\t\t\n\t\t<\/div>\n\t\t\n\t\t[vc_video link=&#8221;https:\/\/www.youtube.com\/watch?v=oIgmOnsSjqE&#8221; css=&#8221;&#8221; woodmart_css_id=&#8221;6872423b9ce18&#8243; image_poster_switch=&#8221;no&#8221;][\/vc_column][\/vc_row]<\/p>\n<\/div>","protected":false},"excerpt":{"rendered":"<p>Horizontal Strip Slicing Machine (4) is a cutting machine produced by Hisar Makine using superior technology and high quality materials. It has advanced features that make your production easier, faster and increase your efficiency. You can contact us immediately to get more detailed information about the product.<\/p>\n","protected":false},"featured_media":10317,"template":"","meta":[],"product_brand":[],"product_cat":[92,91],"product_tag":[],"class_list":{"0":"post-10356","1":"product","2":"type-product","3":"status-publish","4":"has-post-thumbnail","6":"product_cat-cutting-machine","7":"product_cat-woodworking-machine","9":"first","10":"instock","11":"shipping-taxable","12":"product-type-simple"},"_links":{"self":[{"href":"https:\/\/hisarmak.net\/en\/wp-json\/wp\/v2\/product\/10356","targetHints":{"allow":["GET"]}}],"collection":[{"href":"https:\/\/hisarmak.net\/en\/wp-json\/wp\/v2\/product"}],"about":[{"href":"https:\/\/hisarmak.net\/en\/wp-json\/wp\/v2\/types\/product"}],"wp:featuredmedia":[{"embeddable":true,"href":"https:\/\/hisarmak.net\/en\/wp-json\/wp\/v2\/media\/10317"}],"wp:attachment":[{"href":"https:\/\/hisarmak.net\/en\/wp-json\/wp\/v2\/media?parent=10356"}],"wp:term":[{"taxonomy":"product_brand","embeddable":true,"href":"https:\/\/hisarmak.net\/en\/wp-json\/wp\/v2\/product_brand?post=10356"},{"taxonomy":"product_cat","embeddable":true,"href":"https:\/\/hisarmak.net\/en\/wp-json\/wp\/v2\/product_cat?post=10356"},{"taxonomy":"product_tag","embeddable":true,"href":"https:\/\/hisarmak.net\/en\/wp-json\/wp\/v2\/product_tag?post=10356"}],"curies":[{"name":"wp","href":"https:\/\/api.w.org\/{rel}","templated":true}]}}